{"id":281,"date":"2025-04-26T05:09:51","date_gmt":"2025-04-25T17:09:51","guid":{"rendered":"https:\/\/triageforce.com\/boite-a-outils-de-gestion-de-crise\/"},"modified":"2025-04-30T21:41:48","modified_gmt":"2025-04-30T09:41:48","slug":"boite-a-outils","status":"publish","type":"page","link":"https:\/\/triageforce.com\/fr\/boite-a-outils\/","title":{"rendered":"Bo\u00eete \u00e0 outils"},"content":{"rendered":"<div class=\"tfv3-gate\">  <div class=\"tfv3-gate-shell\">    <div class=\"tfv3-gate-brand\">      <div class=\"tfv3-gate-logo\" aria-hidden=\"true\"><svg xmlns=\"http:\/\/www.w3.org\/2000\/svg\" viewBox=\"23.183435440063477 17.999267578125 53.63313293457031 64.0003662109375\" fill=\"currentColor\" aria-hidden=\"true\" focusable=\"false\"><g transform=\"translate(0,-952.36216)\"><g transform=\"matrix(3.4118229,0,0,3.3889364,-2165.1714,4218.6299)\"><path transform=\"matrix(0.58614362,0,0,0.59010203,468.8019,-58.455979)\" d=\"m 307.97656,-1525.2207 0,0.01 c -0.24887,0 -0.48022,0.1295 -0.61718,0.3359 -1.36907,1.9856 -5.709,3.6738 -10.67383,3.7031 -0.013,-3e-4 -0.026,-3e-4 -0.0391,0 -0.0292,0 -0.0585,-0.012 -0.0879,-0.012 -0.35776,0 -0.66561,0.2477 -0.73828,0.5957 0,0 -0.75104,3.3752 -1.12695,7.457 -0.37593,4.0819 -0.45271,8.8611 1.19726,11.9473 1.23605,2.3119 4.16066,4.1715 6.77149,5.5859 2.41484,1.3083 4.40534,2.0995 4.71875,2.2227 0.14235,0.1098 0.31997,0.1653 0.5,0.1562 0.18118,0.01 0.35964,-0.048 0.50195,-0.1601 l 0.004,0 c 0.3263,-0.1282 2.30885,-0.9134 4.71484,-2.2168 2.61083,-1.4145 5.53152,-3.274 6.76758,-5.5859 1.65,-3.0862 1.57122,-7.8654 1.19531,-11.9473 -0.37594,-4.0818 -1.12695,-7.457 -1.12695,-7.457 -0.0741,-0.3553 -0.39276,-0.6067 -0.75781,-0.5957 -0.0202,5e-4 -0.0404,0 -0.0605,0 -4.77153,-0.019 -8.9636,-1.6173 -10.42578,-3.5469 -0.10987,-0.2978 -0.39749,-0.4926 -0.7168,-0.4883 z m 1.80274,8.5781 a 0.750075,0.750075 0 0 1 0.74414,0.9668 l -3.83985,13.3242 a 0.750075,0.750075 0 1 1 -1.4414,-0.414 l 3.83984,-13.3242 a 0.750075,0.750075 0 0 1 0.69727,-0.5528 z m 1.49804,2.8574 a 0.750075,0.750075 0 0 1 0.53907,0.2247 l 3.83789,3.8066 a 0.750075,0.750075 0 0 1 0,1.0664 l -3.83789,3.8066 a 0.75061947,0.75061947 0 1 1 -1.05664,-1.0664 l 3.30273,-3.2734 -3.30273,-3.2754 a 0.750075,0.750075 0 0 1 0.51757,-1.2891 z m -6.8125,0 a 0.75325226,0.7469112 0 0 1 0.54688,1.2832 l -3.30664,3.2773 3.30664,3.2793 a 0.75325226,0.7469112 0 1 1 -1.06445,1.0567 l -3.73243,-3.7012 a 0.75325226,0.7469112 0 0 1 -0.32422,-0.7637 0.75325226,0.7469112 0 0 1 0.002,-0.012 0.75325226,0.7469112 0 0 1 0.004,-0.018 0.75325226,0.7469112 0 0 1 0.0176,-0.066 0.75325226,0.7469112 0 0 1 0.2793,-0.3867 l 3.75391,-3.7226 a 0.75325226,0.7469112 0 0 1 0.51757,-0.2266 z\"\/><\/g><\/g><\/svg><\/div>      <div class=\"tfv3-gate-brandtext\">        <div class=\"tfv3-gate-name\">TriageForce<\/div>        <div class=\"tfv3-gate-tag\">Rapid casualty tracking for mobile ops.<\/div>      <\/div>    <\/div>    <div class=\"tfv3-gate-main\">      <div class=\"tfv3-gate-hero\">        <div class=\"tfv3-gate-hero-text\">          <h1 class=\"tfv3-gate-title\">Access restricted.<\/h1>          <p class=\"tfv3-gate-sub\">Please log in (membership required).<\/p>        <\/div>        <div class=\"tfv3-gate-actions\">          <a class=\"tfv3-gate-btn tfv3-gate-btn-primary\" href=\"https:\/\/triageforce.com\/my-account\/\">Log in<\/a>          <a class=\"tfv3-gate-btn\" href=\"https:\/\/triageforce.com\/register\/\">Register (free)<\/a>        <\/div>      <\/div>      <div class=\"tfv3-gate-features\" role=\"list\">        <div class=\"tfv3-feature\" role=\"listitem\">          <div class=\"tfv3-feature-ic\" aria-hidden=\"true\">            <svg xmlns=\"http:\/\/www.w3.org\/2000\/svg\" viewBox=\"0 0 24 24\" width=\"22\" height=\"22\" fill=\"currentColor\"><path d=\"M12 2C8.13 2 5 5.13 5 9c0 5.25 7 13 7 13s7-7.75 7-13c0-3.87-3.13-7-7-7zm0 9.5c-1.38 0-2.5-1.12-2.5-2.5S10.62 6.5 12 6.5s2.5 1.12 2.5 2.5S13.38 11.5 12 11.5z\"\/><\/svg>          <\/div>          <div class=\"tfv3-feature-b\">            <div class=\"tfv3-feature-t\">Field workflow<\/div>            <div class=\"tfv3-feature-p\">Select an event, scan IDs, triage, then log tracking updates in seconds on mobile.<\/div>          <\/div>        <\/div>        <div class=\"tfv3-feature\" role=\"listitem\">          <div class=\"tfv3-feature-ic\" aria-hidden=\"true\">            <svg xmlns=\"http:\/\/www.w3.org\/2000\/svg\" viewBox=\"0 0 24 24\" width=\"22\" height=\"22\" fill=\"currentColor\"><path d=\"M12 3c4.97 0 9 4.03 9 9 0 4.97-4.03 9-9 9S3 16.97 3 12c0-4.97 4.03-9 9-9zm0 2C8.13 5 5 8.13 5 12c0 3.87 3.13 7 7 7s7-3.13 7-7c0-3.87-3.13-7-7-7zm-1 3h2v7h-2V8zm0 9h2v2h-2v-2z\"\/><\/svg>          <\/div>          <div class=\"tfv3-feature-b\">            <div class=\"tfv3-feature-t\">Offline-first<\/div>            <div class=\"tfv3-feature-p\">Work in degraded networks: actions are queued locally and synced when online.<\/div>          <\/div>        <\/div>        <div class=\"tfv3-feature\" role=\"listitem\">          <div class=\"tfv3-feature-ic\" aria-hidden=\"true\">            <svg xmlns=\"http:\/\/www.w3.org\/2000\/svg\" viewBox=\"0 0 24 24\" width=\"22\" height=\"22\" fill=\"currentColor\"><path d=\"M3 3h18v2H3V3zm0 4h18v14H3V7zm4 3v2h10v-2H7zm0 4v2h10v-2H7z\"\/><\/svg>          <\/div>          <div class=\"tfv3-feature-b\">            <div class=\"tfv3-feature-t\">Reporting<\/div>            <div class=\"tfv3-feature-p\">Export victims + last tracking to Excel for MCMS exercise reporting and RETEX.<\/div>          <\/div>        <\/div>      <\/div>      <div class=\"tfv3-gate-splits\" aria-label=\"TriageForce overview\">        <div class=\"tfv3-split\">          <div class=\"tfv3-split-copy\">            <div class=\"tfv3-split-kicker\">Field<\/div>            <h3 class=\"tfv3-split-title\">Fast capture on mobile<\/h3>            <p class=\"tfv3-split-text\">Built for rapid triage and tracking in exercises: select an event, scan IDs, record status, move on.<\/p>            <ul class=\"tfv3-split-list\"><li>One-hand actions<\/li><li>QR scan + manual entry fallback<\/li><li>Last known position per victim<\/li><\/ul>          <\/div>          <div class=\"tfv3-split-media\">            <div class=\"tfv3-mock tfv3-mock-ops\" role=\"img\" aria-label=\"Ops dashboard preview\">              <div class=\"tfv3-mock-top\"><span class=\"tfv3-pill tfv3-pill-ok\">ONLINE<\/span><span class=\"tfv3-pill\">OPS<\/span><\/div>              <div class=\"tfv3-mock-row\"><span class=\"tfv3-mock-l\">Active event<\/span><span class=\"tfv3-mock-r\">#1018 \u2014 CROIX DU SUD<\/span><\/div>              <div class=\"tfv3-mock-grid\"><div class=\"tfv3-mock-btn tfv3-mock-btn-accent\">Scan QR<\/div><div class=\"tfv3-mock-btn\">+ New victim<\/div><div class=\"tfv3-mock-btn\">Victims<\/div><div class=\"tfv3-mock-btn\">Sync<\/div><\/div>              <div class=\"tfv3-mock-map\">Map \u2022 last positions<\/div>            <\/div>          <\/div>        <\/div>        <div class=\"tfv3-split tfv3-split-rev\">          <div class=\"tfv3-split-copy\">            <div class=\"tfv3-split-kicker\">Offline-first<\/div>            <h3 class=\"tfv3-split-title\">Degraded network ready<\/h3>            <p class=\"tfv3-split-text\">When connectivity is intermittent, actions are stored locally and synchronized when a connection becomes available.<\/p>            <ul class=\"tfv3-split-list\"><li>Local queue + auto-sync<\/li><li>Pending local visibility<\/li><li>Logs & audit trail<\/li><\/ul>          <\/div>          <div class=\"tfv3-split-media\">            <div class=\"tfv3-mock tfv3-mock-victims\" role=\"img\" aria-label=\"Victims list + map preview\">              <div class=\"tfv3-mock-top\"><span class=\"tfv3-pill tfv3-pill-warn\">OFFLINE<\/span><span class=\"tfv3-pill\">PENDING: 2<\/span><\/div>              <div class=\"tfv3-mock-duo\"><div class=\"tfv3-mock-list\"><div class=\"tfv3-mock-li\"><\/div><div class=\"tfv3-mock-li\"><\/div><div class=\"tfv3-mock-li\"><\/div><div class=\"tfv3-mock-li\"><\/div><\/div><div class=\"tfv3-mock-mini-map\"><span class=\"tfv3-pin tfv3-pin-r\"><\/span><span class=\"tfv3-pin tfv3-pin-y\"><\/span><span class=\"tfv3-pin tfv3-pin-g\"><\/span><\/div><\/div>            <\/div>          <\/div>        <\/div>        <div class=\"tfv3-split\">          <div class=\"tfv3-split-copy\">            <div class=\"tfv3-split-kicker\">Reporting<\/div>            <h3 class=\"tfv3-split-title\">Excel export for RETEX<\/h3>            <p class=\"tfv3-split-text\">Generate an expert Excel export per event: victims + last tracking + location + gravity code.<\/p>            <ul class=\"tfv3-split-list\"><li>Command-post view<\/li><li>Geolocated victims map<\/li><li>Traceable audit logs<\/li><\/ul>          <\/div>          <div class=\"tfv3-split-media\">            <div class=\"tfv3-mock tfv3-mock-report\" role=\"img\" aria-label=\"Reporting preview\">              <div class=\"tfv3-mock-top\"><span class=\"tfv3-pill\">EXPORT<\/span><span class=\"tfv3-pill tfv3-pill-ok\">XLS<\/span><\/div>              <div class=\"tfv3-mock-table\"><div class=\"tfv3-mock-tr\"><\/div><div class=\"tfv3-mock-tr\"><\/div><div class=\"tfv3-mock-tr\"><\/div><div class=\"tfv3-mock-tr\"><\/div><\/div>              <div class=\"tfv3-mock-footer\"><div class=\"tfv3-mock-chip\">Gravity<\/div><div class=\"tfv3-mock-chip\">Location<\/div><div class=\"tfv3-mock-chip\">Last tracking<\/div><\/div>            <\/div>          <\/div>        <\/div>      <\/div>      <div class=\"tfv3-gate-quick\">        <a class=\"tfv3-gate-btn tfv3-gate-btn-primary\" href=\"https:\/\/triageforce.com\/quick-start\/\">Quick-start<\/a>      <\/div>      <div class=\"tfv3-gate-section\">        <h2 class=\"tfv3-gate-h2\">About<\/h2>        <p class=\"tfv3-gate-p\"><strong>TriageForce<\/strong> is an MCMS (mass casualty management) tool designed for triage, tracking and operational reporting, including degraded network conditions and offline acquisition.<\/p>        <p class=\"tfv3-gate-p\"><strong>FANC \u2013 CROIX DU SUD 2025<\/strong> is a reference training in the Pacific addressing climate change challenges. The software was recreated for the event and initially created during a <strong>SAREX TRITON<\/strong> exercise, with lessons learned on connectivity constraints and the need for offline-first workflows.<\/p>        <p class=\"tfv3-gate-p\">The project also benefited from multi-agency cooperation, including exchanges with the <strong>Canadian Coast Guard<\/strong>, to align field-ready identification and tracking practices.<\/p>      <\/div>      <div class=\"tfv3-gate-section\">        <h2 class=\"tfv3-gate-h2\">Registration<\/h2>        <p class=\"tfv3-gate-p\">Registration is free. The product is primarily intended for MCMS exercises and training simulations.<\/p>        <div class=\"tfv3-gate-actions\">          <a class=\"tfv3-gate-btn tfv3-gate-btn-primary\" href=\"https:\/\/triageforce.com\/register\/\">Create free account<\/a>        <\/div>      <\/div>    <\/div>  <\/div><\/div><style>\n        .tfv3-gate{padding:28px 16px;margin:0 auto;max-width:1120px;width:100%;box-sizing:border-box}\n        .tfv3-gate-shell{border-radius:22px;border:1px solid rgba(0,0,0,.08);overflow:hidden;background:#fff}\n        .tfv3-gate-brand{display:flex;align-items:center;gap:14px;padding:22px 22px;border-bottom:1px solid rgba(0,0,0,.06)}\n        .tfv3-gate-logo{width:54px;height:54px;display:flex;align-items:center;justify-content:center;color:#0b1220}\n        .tfv3-gate-logo svg{width:54px;height:54px;display:block}\n        .tfv3-gate-name{font-weight:900;font-size:22px;line-height:1}\n        .tfv3-gate-tag{margin-top:4px;color:rgba(0,0,0,.6);font-size:14px}\n        .tfv3-gate-main{padding:24px 22px}\n        .tfv3-gate-hero{display:flex;flex-direction:column;gap:14px;align-items:flex-start;justify-content:space-between}\n        .tfv3-gate-title{margin:0 0 6px;font-size:28px;line-height:1.12;font-weight:950;letter-spacing:-.01em}\n        .tfv3-gate-sub{margin:0;color:rgba(0,0,0,.72);font-size:16px}\n        .tfv3-gate-actions{display:flex;flex-wrap:wrap;gap:10px}\n        .tfv3-gate-btn{display:inline-flex;align-items:center;justify-content:center;padding:10px 14px;border-radius:12px;border:1px solid rgba(0,0,0,.12);text-decoration:none;font-weight:800;color:#0b1220;background:#f3f4f6}\n        .tfv3-gate-btn:hover{filter:brightness(.98)}\n        .tfv3-gate-btn-primary{background:#0b1220;color:#fff;border-color:#0b1220}\n\n        .tfv3-gate-features{margin-top:18px;display:grid;grid-template-columns:1fr;gap:14px}\n        .tfv3-feature{display:flex;gap:12px;align-items:flex-start;padding:16px 16px;border-radius:18px;border:1px solid rgba(0,0,0,.08);background:#fbfbfc}\n        .tfv3-feature-ic{width:46px;height:46px;flex:0 0 46px;border-radius:16px;background:#0b1220;color:#fff;display:flex;align-items:center;justify-content:center;box-shadow:0 0 0 4px rgba(11,18,32,.10)}\n        .tfv3-feature-t{font-weight:950;font-size:14px;line-height:1.2}\n        .tfv3-feature-p{margin-top:4px;color:rgba(0,0,0,.72);font-size:14px;line-height:1.35}\n\n        .tfv3-gate-splits{margin-top:22px;display:flex;flex-direction:column;gap:16px}\n        .tfv3-split{display:grid;grid-template-columns:1fr;gap:14px;padding:18px;border-radius:18px;border:1px solid rgba(0,0,0,.08);background:#fff}\n        .tfv3-split-kicker{display:inline-flex;align-items:center;gap:8px;font-weight:900;font-size:12px;letter-spacing:.08em;text-transform:uppercase;color:#0b1220;opacity:.85}\n        .tfv3-split-title{margin:6px 0 6px;font-size:18px;font-weight:950;letter-spacing:-.01em}\n        .tfv3-split-text{margin:0 0 10px;color:rgba(0,0,0,.72);font-size:14px;line-height:1.5}\n        .tfv3-split-list{margin:0;padding-left:18px;color:rgba(0,0,0,.72);font-size:14px;line-height:1.6}\n        .tfv3-split-media{display:flex;justify-content:center}\n\n        .tfv3-mock{width:100%;max-width:520px;border-radius:18px;overflow:hidden;background:#0b1220;color:#fff;border:1px solid rgba(255,255,255,.12);box-shadow:0 18px 48px rgba(0,0,0,.10)}\n        .tfv3-mock-top{display:flex;justify-content:space-between;align-items:center;padding:10px 12px;background:rgba(255,255,255,.06);border-bottom:1px solid rgba(255,255,255,.12);font-size:12px}\n        .tfv3-pill{display:inline-flex;align-items:center;justify-content:center;padding:2px 8px;border-radius:999px;border:1px solid rgba(255,255,255,.18);background:rgba(255,255,255,.06);font-weight:900;letter-spacing:.02em}\n        .tfv3-pill-ok{border-color:rgba(52,211,153,.35);background:rgba(52,211,153,.12);color:#a7f3d0}\n        .tfv3-pill-warn{border-color:rgba(251,191,36,.35);background:rgba(251,191,36,.10);color:#fde68a}\n        .tfv3-mock-row{display:flex;justify-content:space-between;gap:10px;padding:12px}\n        .tfv3-mock-l{color:rgba(255,255,255,.72)}\n        .tfv3-mock-r{font-weight:950}\n        .tfv3-mock-grid{display:grid;grid-template-columns:1fr 1fr;gap:10px;padding:0 12px 12px}\n        .tfv3-mock-btn{padding:14px 12px;border-radius:14px;background:rgba(255,255,255,.06);border:1px solid rgba(255,255,255,.14);text-align:center;font-weight:950}\n        .tfv3-mock-btn-accent{background:rgba(16,185,129,.18);border-color:rgba(16,185,129,.35)}\n        .tfv3-mock-map{margin:0 12px 12px;height:92px;border-radius:16px;background:linear-gradient(135deg,rgba(255,255,255,.10),rgba(255,255,255,.03));border:1px solid rgba(255,255,255,.12);display:flex;align-items:center;justify-content:center;color:rgba(255,255,255,.72);font-size:12px}\n\n        .tfv3-mock-duo{display:grid;grid-template-columns:1fr 1fr;gap:10px;padding:12px}\n        .tfv3-mock-list{border-radius:14px;background:rgba(255,255,255,.06);border:1px solid rgba(255,255,255,.14);padding:10px;display:flex;flex-direction:column;gap:8px}\n        .tfv3-mock-li{height:10px;border-radius:999px;background:rgba(255,255,255,.12)}\n        .tfv3-mock-mini-map{border-radius:14px;background:linear-gradient(135deg,rgba(255,255,255,.10),rgba(255,255,255,.03));border:1px solid rgba(255,255,255,.12);position:relative}\n        .tfv3-pin{position:absolute;width:10px;height:10px;border-radius:999px;box-shadow:0 0 0 5px rgba(255,255,255,.10)}\n        .tfv3-pin-r{background:#ef4444;top:26%;left:58%}\n        .tfv3-pin-y{background:#fbbf24;top:54%;left:42%}\n        .tfv3-pin-g{background:#34d399;top:72%;left:62%}\n\n        .tfv3-mock-table{padding:12px;display:flex;flex-direction:column;gap:8px}\n        .tfv3-mock-tr{height:14px;border-radius:10px;background:rgba(255,255,255,.10)}\n        .tfv3-mock-footer{display:flex;gap:8px;padding:0 12px 12px}\n        .tfv3-mock-chip{flex:1;text-align:center;padding:6px 8px;border-radius:999px;background:rgba(255,255,255,.06);border:1px solid rgba(255,255,255,.12);font-size:12px;font-weight:900;color:rgba(255,255,255,.8)}\n\n        .tfv3-gate-quick{margin-top:16px;display:flex;justify-content:flex-start}\n\n        .tfv3-gate-section{margin-top:18px;padding-top:18px;border-top:1px solid rgba(0,0,0,.06)}\n        .tfv3-gate-h2{margin:0 0 10px;font-size:16px;font-weight:950}\n        .tfv3-gate-p{margin:0 0 10px;color:rgba(0,0,0,.72);font-size:14px;line-height:1.55}\n\n        @media (min-width: 900px){\n          .tfv3-gate-hero{flex-direction:row;align-items:center}\n          .tfv3-gate-features{grid-template-columns:repeat(3,1fr)}\n          .tfv3-split{grid-template-columns:1.1fr .9fr;align-items:center}\n          .tfv3-split-rev{grid-template-columns:.9fr 1.1fr}\n          .tfv3-split-rev .tfv3-split-copy{order:2}\n          .tfv3-split-rev .tfv3-split-media{order:1}\n        }\n\n        @media (prefers-color-scheme: dark){\n          .tfv3-gate-shell{background:#0b1220;border-color:rgba(255,255,255,.10)}\n          .tfv3-gate-brand{border-bottom:1px solid rgba(255,255,255,.08)}\n          .tfv3-gate-logo{color:#fff}\n          .tfv3-gate-name{color:#fff}\n          .tfv3-gate-tag{color:rgba(255,255,255,.72)}\n          .tfv3-gate-title{color:#fff}\n          .tfv3-gate-sub{color:rgba(255,255,255,.78)}\n          .tfv3-gate-btn{background:rgba(255,255,255,.08);border-color:rgba(255,255,255,.18);color:#fff}\n          .tfv3-gate-btn-primary{background:#16a34a;border-color:#16a34a}\n          .tfv3-feature{border-color:rgba(255,255,255,.12);background:rgba(255,255,255,.04)}\n          .tfv3-feature-ic{background:rgba(255,255,255,.10);box-shadow:0 0 0 4px rgba(255,255,255,.06)}\n          .tfv3-feature-p{color:rgba(255,255,255,.78)}\n          .tfv3-split{border-color:rgba(255,255,255,.12);background:rgba(255,255,255,.03)}\n          .tfv3-split-kicker{color:#a7f3d0}\n          .tfv3-split-title{color:#fff}\n          .tfv3-split-text,.tfv3-split-list{color:rgba(255,255,255,.78)}\n          .tfv3-gate-section{border-top:1px solid rgba(255,255,255,.08)}\n          .tfv3-gate-h2{color:#fff}\n          .tfv3-gate-p{color:rgba(255,255,255,.78)}\n        }\n        <\/style>\n","protected":false},"excerpt":{"rendered":"","protected":false},"author":1,"featured_media":0,"parent":0,"menu_order":0,"comment_status":"closed","ping_status":"closed","template":"","meta":{"pmpro_default_level":"","_kad_post_transparent":"","_kad_post_title":"","_kad_post_layout":"","_kad_post_sidebar_id":"","_kad_post_content_style":"","_kad_post_vertical_padding":"","_kad_post_feature":"","_kad_post_feature_position":"","_kad_post_header":false,"_kad_post_footer":false,"_kad_post_classname":"","footnotes":""},"class_list":["post-281","page","type-page","status-publish","hentry","pmpro-has-access"],"yoast_head":"<!-- This site is optimized with the Yoast SEO plugin v27.4 - https:\/\/yoast.com\/product\/yoast-seo-wordpress\/ -->\n<title>Bo\u00eete \u00e0 outils -<\/title>\n<meta name=\"description\" content=\"TriageForce Label Toolkit pr\u00e9visualise et exporte des feuilles d\u2019\u00e9tiquettes PDF avec QR codes et codes-barres Code128 en SVG.\" \/>\n<meta name=\"robots\" content=\"index, follow, max-snippet:-1, max-image-preview:large, max-video-preview:-1\" \/>\n<link rel=\"canonical\" href=\"https:\/\/triageforce.com\/fr\/boite-a-outils\/\" \/>\n<meta property=\"og:locale\" content=\"fr_FR\" \/>\n<meta property=\"og:type\" content=\"article\" \/>\n<meta property=\"og:title\" content=\"Bo\u00eete \u00e0 outils -\" \/>\n<meta property=\"og:description\" content=\"TriageForce Label Toolkit pr\u00e9visualise et exporte des feuilles d\u2019\u00e9tiquettes PDF avec QR codes et codes-barres Code128 en SVG.\" \/>\n<meta property=\"og:url\" content=\"https:\/\/triageforce.com\/fr\/boite-a-outils\/\" \/>\n<meta property=\"article:modified_time\" content=\"2025-04-30T09:41:48+00:00\" \/>\n<meta name=\"twitter:card\" content=\"summary_large_image\" \/>\n<meta name=\"twitter:label1\" content=\"Dur\u00e9e de lecture estim\u00e9e\" \/>\n\t<meta name=\"twitter:data1\" content=\"1 minute\" \/>\n<script type=\"application\/ld+json\" class=\"yoast-schema-graph\">{\"@context\":\"https:\\\/\\\/schema.org\",\"@graph\":[{\"@type\":\"WebPage\",\"@id\":\"https:\\\/\\\/triageforce.com\\\/fr\\\/boite-a-outils\\\/\",\"url\":\"https:\\\/\\\/triageforce.com\\\/fr\\\/boite-a-outils\\\/\",\"name\":\"Bo\u00eete \u00e0 outils -\",\"isPartOf\":{\"@id\":\"https:\\\/\\\/triageforce.com\\\/fr\\\/#website\"},\"datePublished\":\"2025-04-25T17:09:51+00:00\",\"dateModified\":\"2025-04-30T09:41:48+00:00\",\"description\":\"TriageForce Label Toolkit pr\u00e9visualise et exporte des feuilles d\u2019\u00e9tiquettes PDF avec QR codes et codes-barres Code128 en SVG.\",\"breadcrumb\":{\"@id\":\"https:\\\/\\\/triageforce.com\\\/fr\\\/boite-a-outils\\\/#breadcrumb\"},\"inLanguage\":\"fr-FR\",\"potentialAction\":[{\"@type\":\"ReadAction\",\"target\":[\"https:\\\/\\\/triageforce.com\\\/fr\\\/boite-a-outils\\\/\"]}]},{\"@type\":\"BreadcrumbList\",\"@id\":\"https:\\\/\\\/triageforce.com\\\/fr\\\/boite-a-outils\\\/#breadcrumb\",\"itemListElement\":[{\"@type\":\"ListItem\",\"position\":1,\"name\":\"Home\",\"item\":\"https:\\\/\\\/triageforce.com\\\/fr\\\/accueil\\\/\"},{\"@type\":\"ListItem\",\"position\":2,\"name\":\"Bo\u00eete \u00e0 outils\"}]},{\"@type\":\"WebSite\",\"@id\":\"https:\\\/\\\/triageforce.com\\\/fr\\\/#website\",\"url\":\"https:\\\/\\\/triageforce.com\\\/fr\\\/\",\"name\":\"\",\"description\":\"Rapid casualty tracking for mobile ops.\",\"potentialAction\":[{\"@type\":\"SearchAction\",\"target\":{\"@type\":\"EntryPoint\",\"urlTemplate\":\"https:\\\/\\\/triageforce.com\\\/fr\\\/?s={search_term_string}\"},\"query-input\":{\"@type\":\"PropertyValueSpecification\",\"valueRequired\":true,\"valueName\":\"search_term_string\"}}],\"inLanguage\":\"fr-FR\"}]}<\/script>\n<!-- \/ Yoast SEO plugin. -->","yoast_head_json":{"title":"Bo\u00eete \u00e0 outils -","description":"TriageForce Label Toolkit pr\u00e9visualise et exporte des feuilles d\u2019\u00e9tiquettes PDF avec QR codes et codes-barres Code128 en SVG.","robots":{"index":"index","follow":"follow","max-snippet":"max-snippet:-1","max-image-preview":"max-image-preview:large","max-video-preview":"max-video-preview:-1"},"canonical":"https:\/\/triageforce.com\/fr\/boite-a-outils\/","og_locale":"fr_FR","og_type":"article","og_title":"Bo\u00eete \u00e0 outils -","og_description":"TriageForce Label Toolkit pr\u00e9visualise et exporte des feuilles d\u2019\u00e9tiquettes PDF avec QR codes et codes-barres Code128 en SVG.","og_url":"https:\/\/triageforce.com\/fr\/boite-a-outils\/","article_modified_time":"2025-04-30T09:41:48+00:00","twitter_card":"summary_large_image","twitter_misc":{"Dur\u00e9e de lecture estim\u00e9e":"1 minute"},"schema":{"@context":"https:\/\/schema.org","@graph":[{"@type":"WebPage","@id":"https:\/\/triageforce.com\/fr\/boite-a-outils\/","url":"https:\/\/triageforce.com\/fr\/boite-a-outils\/","name":"Bo\u00eete \u00e0 outils -","isPartOf":{"@id":"https:\/\/triageforce.com\/fr\/#website"},"datePublished":"2025-04-25T17:09:51+00:00","dateModified":"2025-04-30T09:41:48+00:00","description":"TriageForce Label Toolkit pr\u00e9visualise et exporte des feuilles d\u2019\u00e9tiquettes PDF avec QR codes et codes-barres Code128 en SVG.","breadcrumb":{"@id":"https:\/\/triageforce.com\/fr\/boite-a-outils\/#breadcrumb"},"inLanguage":"fr-FR","potentialAction":[{"@type":"ReadAction","target":["https:\/\/triageforce.com\/fr\/boite-a-outils\/"]}]},{"@type":"BreadcrumbList","@id":"https:\/\/triageforce.com\/fr\/boite-a-outils\/#breadcrumb","itemListElement":[{"@type":"ListItem","position":1,"name":"Home","item":"https:\/\/triageforce.com\/fr\/accueil\/"},{"@type":"ListItem","position":2,"name":"Bo\u00eete \u00e0 outils"}]},{"@type":"WebSite","@id":"https:\/\/triageforce.com\/fr\/#website","url":"https:\/\/triageforce.com\/fr\/","name":"","description":"Rapid casualty tracking for mobile ops.","potentialAction":[{"@type":"SearchAction","target":{"@type":"EntryPoint","urlTemplate":"https:\/\/triageforce.com\/fr\/?s={search_term_string}"},"query-input":{"@type":"PropertyValueSpecification","valueRequired":true,"valueName":"search_term_string"}}],"inLanguage":"fr-FR"}]}},"_links":{"self":[{"href":"https:\/\/triageforce.com\/fr\/wp-json\/wp\/v2\/pages\/281","targetHints":{"allow":["GET"]}}],"collection":[{"href":"https:\/\/triageforce.com\/fr\/wp-json\/wp\/v2\/pages"}],"about":[{"href":"https:\/\/triageforce.com\/fr\/wp-json\/wp\/v2\/types\/page"}],"author":[{"embeddable":true,"href":"https:\/\/triageforce.com\/fr\/wp-json\/wp\/v2\/users\/1"}],"replies":[{"embeddable":true,"href":"https:\/\/triageforce.com\/fr\/wp-json\/wp\/v2\/comments?post=281"}],"version-history":[{"count":2,"href":"https:\/\/triageforce.com\/fr\/wp-json\/wp\/v2\/pages\/281\/revisions"}],"predecessor-version":[{"id":337,"href":"https:\/\/triageforce.com\/fr\/wp-json\/wp\/v2\/pages\/281\/revisions\/337"}],"wp:attachment":[{"href":"https:\/\/triageforce.com\/fr\/wp-json\/wp\/v2\/media?parent=281"}],"curies":[{"name":"wp","href":"https:\/\/api.w.org\/{rel}","templated":true}]}}